{"id":16,"date":"2025-11-03T13:39:17","date_gmt":"2025-11-03T12:39:17","guid":{"rendered":"https:\/\/anyflowers.fr\/?page_id=16"},"modified":"2026-04-02T20:15:32","modified_gmt":"2026-04-02T18:15:32","slug":"blog","status":"publish","type":"page","link":"https:\/\/anyflowers.fr\/fr\/blog\/","title":{"rendered":"Blog"},"content":{"rendered":"<div class=\"et_pb_section_0 et_pb_section et_section_regular et_block_section\">\n<div class=\"et_pb_row_0 et_pb_row et_block_row\">\n<div class=\"et_pb_column_0 et_pb_column et_pb_column_4_4 et-last-child et_block_column et_pb_css_mix_blend_mode_passthrough\">\n<div class=\"et_pb_text_0 et_pb_text et_pb_bg_layout_light et_pb_module et_block_module\"><div class=\"et_pb_text_inner\"><h3 class=\"translation-block\">Anyflowers <span>Fleuristes &amp; Designer<\/span><\/h3>\n<h1><span>Blog<\/span><\/h1>\n<\/div><\/div>\n<\/div>\n<\/div>\n<\/div>\n\n<div class=\"et_pb_section_1 et_pb_section et_section_regular et_flex_section\">\n<div class=\"et_pb_row_1 et_pb_row et_flex_row\">\n<div class=\"et_pb_column_1 et_pb_column et-last-child et_flex_column et_pb_css_mix_blend_mode_passthrough et_flex_column_24_24 et_flex_column_24_24_tablet et_flex_column_24_24_phone et_flex_column_24_24_phoneWide et_flex_column_24_24_tabletWide\">\n<div class=\"et_pb_blog_0 et_pb_blog et_pb_bg_layout_light et_pb_posts et_pb_module\"><div class=\"et_pb_ajax_pagination_container\"><div class=\"et_pb_posts et_grid_module\"><article class=\"et_pb_post et_pb_post_id_277703 clearfix et_pb_has_overlay et_pb_blog_item_0_0 post-277703 post type-post status-publish format-standard has-post-thumbnail hentry category-uncategorized\"><div class=\"et_pb_image_container\"><a href=\"https:\/\/anyflowers.fr\/fr\/how-to-define-your-wedding-floral-style\/\" class=\"entry-featured-image-url\"><img loading=\"lazy\" decoding=\"async\" src=\"https:\/\/anyflowers.fr\/wp-content\/uploads\/2025\/11\/2025.07.15-PAULINE-FLORENT-202.webp\" width=\"400\" height=\"284\" alt=\"How to Define Your Wedding Floral Style\" class=\"\" srcset=\"https:\/\/anyflowers.fr\/wp-content\/uploads\/2025\/11\/2025.07.15-PAULINE-FLORENT-202.webp 479w, https:\/\/anyflowers.fr\/wp-content\/uploads\/2025\/11\/2025.07.15-PAULINE-FLORENT-202-400x284.webp 480w\" sizes=\"(max-width:479px) 479px, 100vw\" \/><span data-icon=\"\uf083\" class=\"et_overlay et_pb_inline_icon\"><\/span><\/a><\/div><h2 class=\"entry-title\"><a href=\"https:\/\/anyflowers.fr\/fr\/how-to-define-your-wedding-floral-style\/\">Comment d\u00e9finir le style floral de votre mariage<\/a><\/h2><p class=\"post-meta\"><\/p><div class=\"post-content\"><div class=\"post-content-inner\"><\/div><\/div><\/article><article class=\"et_pb_post et_pb_post_id_277701 clearfix et_pb_has_overlay et_pb_blog_item_0_1 post-277701 post type-post status-publish format-standard has-post-thumbnail hentry category-uncategorized\"><div class=\"et_pb_image_container\"><a href=\"https:\/\/anyflowers.fr\/fr\/seasonal-wedding-flowers-why-they-matter\/\" class=\"entry-featured-image-url\"><img loading=\"lazy\" decoding=\"async\" src=\"https:\/\/anyflowers.fr\/wp-content\/uploads\/2025\/11\/Cynthia-Reinke-Photography-84.webp\" width=\"400\" height=\"284\" alt=\"Seasonal Wedding Flowers: Why They Matter\" class=\"\" srcset=\"https:\/\/anyflowers.fr\/wp-content\/uploads\/2025\/11\/Cynthia-Reinke-Photography-84.webp 479w, https:\/\/anyflowers.fr\/wp-content\/uploads\/2025\/11\/Cynthia-Reinke-Photography-84-400x284.webp 480w\" sizes=\"(max-width:479px) 479px, 100vw\" \/><span data-icon=\"\uf083\" class=\"et_overlay et_pb_inline_icon\"><\/span><\/a><\/div><h2 class=\"entry-title\"><a href=\"https:\/\/anyflowers.fr\/fr\/seasonal-wedding-flowers-why-they-matter\/\">Fleurs de saison et mariage : pourquoi c\u2019est essentiel<\/a><\/h2><p class=\"post-meta\"><\/p><div class=\"post-content\"><div class=\"post-content-inner\"><\/div><\/div><\/article><article class=\"et_pb_post et_pb_post_id_277677 clearfix et_pb_has_overlay et_pb_blog_item_0_2 post-277677 post type-post status-publish format-standard has-post-thumbnail hentry category-uncategorized\"><div class=\"et_pb_image_container\"><a href=\"https:\/\/anyflowers.fr\/fr\/why-hire-a-wedding-florist-and-not-a-traditional-florist\/\" class=\"entry-featured-image-url\"><img loading=\"lazy\" decoding=\"async\" src=\"https:\/\/anyflowers.fr\/wp-content\/uploads\/2025\/11\/Cynthia-Reinke-Photography-134.webp\" width=\"400\" height=\"284\" alt=\"Why Hire a Wedding Florist (and Not a Traditional Florist)\" class=\"\" srcset=\"https:\/\/anyflowers.fr\/wp-content\/uploads\/2025\/11\/Cynthia-Reinke-Photography-134.webp 479w, https:\/\/anyflowers.fr\/wp-content\/uploads\/2025\/11\/Cynthia-Reinke-Photography-134-400x284.webp 480w\" sizes=\"(max-width:479px) 479px, 100vw\" \/><span data-icon=\"\uf083\" class=\"et_overlay et_pb_inline_icon\"><\/span><\/a><\/div><h2 class=\"entry-title\"><a href=\"https:\/\/anyflowers.fr\/fr\/why-hire-a-wedding-florist-and-not-a-traditional-florist\/\">Pourquoi faire appel \u00e0 un fleuriste sp\u00e9cialis\u00e9 mariage (et pas \u00e0 un fleuriste traditionnel)<\/a><\/h2><p class=\"post-meta\"><\/p><div class=\"post-content\"><div class=\"post-content-inner\"><\/div><\/div><\/article><\/div><\/div><\/div>\n<\/div>\n<\/div>\n<\/div>","protected":false},"excerpt":{"rendered":"","protected":false},"author":1,"featured_media":0,"parent":0,"menu_order":0,"comment_status":"closed","ping_status":"closed","template":"","meta":{"_acf_changed":false,"footnotes":""},"class_list":["post-16","page","type-page","status-publish","hentry"],"acf":[],"_links":{"self":[{"href":"https:\/\/anyflowers.fr\/fr\/wp-json\/wp\/v2\/pages\/16","targetHints":{"allow":["GET"]}}],"collection":[{"href":"https:\/\/anyflowers.fr\/fr\/wp-json\/wp\/v2\/pages"}],"about":[{"href":"https:\/\/anyflowers.fr\/fr\/wp-json\/wp\/v2\/types\/page"}],"author":[{"embeddable":true,"href":"https:\/\/anyflowers.fr\/fr\/wp-json\/wp\/v2\/users\/1"}],"replies":[{"embeddable":true,"href":"https:\/\/anyflowers.fr\/fr\/wp-json\/wp\/v2\/comments?post=16"}],"version-history":[{"count":7,"href":"https:\/\/anyflowers.fr\/fr\/wp-json\/wp\/v2\/pages\/16\/revisions"}],"predecessor-version":[{"id":372971,"href":"https:\/\/anyflowers.fr\/fr\/wp-json\/wp\/v2\/pages\/16\/revisions\/372971"}],"wp:attachment":[{"href":"https:\/\/anyflowers.fr\/fr\/wp-json\/wp\/v2\/media?parent=16"}],"curies":[{"name":"wp","href":"https:\/\/api.w.org\/{rel}","templated":true}]}}