{"id":19,"date":"2025-11-03T13:39:39","date_gmt":"2025-11-03T12:39:39","guid":{"rendered":"https:\/\/anyflowers.fr\/?page_id=19"},"modified":"2026-04-03T09:13:02","modified_gmt":"2026-04-03T07:13:02","slug":"contact","status":"publish","type":"page","link":"https:\/\/anyflowers.fr\/fr\/contact\/","title":{"rendered":"Contact"},"content":{"rendered":"<div class=\"et_pb_section_0 et_pb_section et_section_regular et_block_section et-pb-has-background-video et_pb_preload\"><span class=\"et-pb-background-video\"><video autoplay loop playsinline muted><source type=\"video\/mp4\" src=\"https:\/\/anyflowers.fr\/wp-content\/uploads\/2026\/04\/Anyflowers-reception-contact.mp4\" \/><\/video><\/span>\n<div class=\"et_pb_row_0 et_pb_row et_block_row\">\n<div class=\"et_pb_column_0 et_pb_column et_pb_column_4_4 et-last-child et_block_column et_pb_css_mix_blend_mode_passthrough\">\n<div class=\"et_pb_text_0 et_pb_text et_pb_bg_layout_light et_pb_module et_block_module\"><div class=\"et_pb_text_inner\"><h3 class=\"translation-block\">Anyflowers <span>Fleuristes &amp; Designer<\/span><\/h3>\n<h1><span>Contact<\/span><\/h1>\n<\/div><\/div>\n<\/div>\n<\/div>\n<\/div>\n\n<div class=\"et_pb_section_1 et_pb_section et_section_regular et_flex_section\">\n<div class=\"et_pb_row_1 et_pb_row et_flex_row\">\n<div class=\"et_pb_column_1 et_pb_column et-last-child et_flex_column et_pb_css_mix_blend_mode_passthrough et_flex_column_24_24 et_flex_column_24_24_tablet et_flex_column_24_24_phone et_flex_column_24_24_phoneWide et_flex_column_24_24_tabletWide\">\n<div class=\"et_pb_text_1 et_pb_text et_pb_bg_layout_light et_pb_module et_flex_module et_flex_column_8_24 et_flex_column_8_24_tablet et_flex_column_24_24_phone et_flex_column_8_24_phoneWide\"><div class=\"et_pb_text_inner\"><p><strong>3191 Avenue du Vercors, Quartier Les dev\u00e8s \u2013 26600 Mercurol - France<\/strong><\/p>\n<\/div>\n<div class=\"et_pb_icon_0 et_pb_icon et_pb_module et_flex_module\"><span class=\"et_pb_icon_wrap\"><span class=\"et-pb-icon\">\ue081<\/span><\/span><\/div>\n<\/div>\n\n<div class=\"et_pb_text_2 et_pb_text et_pb_bg_layout_light et_pb_module et_flex_module et_flex_column_8_24 et_flex_column_24_24_phone et_flex_column_8_24_phoneWide\"><div class=\"et_pb_text_inner\"><p><strong>+33 (0)7 55 60 85 58<\/strong><\/p>\n<\/div>\n<div class=\"et_pb_icon_1 et_pb_icon et_pb_module et_flex_module\"><span class=\"et_pb_icon_wrap\"><span class=\"et-pb-icon\">\ue090<\/span><\/span><\/div>\n<\/div>\n\n<div class=\"et_pb_text_3 et_pb_text et_pb_bg_layout_light et_pb_module et_flex_module et_flex_column_8_24 et_flex_column_8_24_tablet et_flex_column_24_24_phone et_flex_column_8_24_phoneWide\"><div class=\"et_pb_text_inner\"><p><strong>contact(at)anyflowers.fr<\/strong><\/p>\n<\/div>\n<div class=\"et_pb_icon_2 et_pb_icon et_pb_module et_flex_module\"><span class=\"et_pb_icon_wrap\"><span class=\"et-pb-icon\">\ue076<\/span><\/span><\/div>\n<\/div>\n<\/div>\n<\/div>\n<\/div>\n\n<div class=\"et_pb_section_2 et_pb_section et_section_regular et_flex_section\">\n<div class=\"et_pb_row_2 et_pb_row et_flex_row\">\n<div class=\"et_pb_column_2 et_pb_column et-last-child et_flex_column et_pb_css_mix_blend_mode_passthrough et_flex_column_24_24 et_flex_column_24_24_tablet et_flex_column_24_24_phone et_flex_column_24_24_phoneWide et_flex_column_24_24_tabletWide\">\n<div class=\"et_pb_text_4 et_pb_text et_pb_bg_layout_light et_pb_module et_flex_module\"><div class=\"et_pb_text_inner\"><div class=\"forminator-ui forminator-custom-form forminator-custom-form-372884 forminator-design--material  forminator_ajax\" data-forminator-render=\"0\" data-form=\"forminator-module-372884\" data-uid=\"69f1f1ed94c8e\"><br\/><\/div><form\n\t\t\t\tid=\"forminator-module-372884\"\n\t\t\t\tclass=\"forminator-ui forminator-custom-form forminator-custom-form-372884 forminator-design--material  forminator_ajax\"\n\t\t\t\tmethod=\"post\"\n\t\t\t\tdata-forminator-render=\"0\"\n\t\t\t\tdata-form-id=\"372884\"\n\t\t\t\tenctype=\"multipart\/form-data\" data-color-option=\"theme\" data-design=\"material\" data-grid=\"open\" style=\"display: none;\"\n\t\t\t\tdata-uid=\"69f1f1ed94c8e\" action=\"\"\n\t\t\t><div role=\"alert\" aria-live=\"polite\" class=\"forminator-response-message forminator-error\" aria-hidden=\"true\"><\/div><div class=\"forminator-row\"><div id=\"name-1\" class=\"forminator-field-name forminator-col forminator-col-12\"><div class=\"forminator-row forminator-no-margin\" data-multiple=\"true\"><div class=\"forminator-col forminator-col-md-6\"><div class=\"forminator-field\"><label for=\"forminator-field-first-name-1_69f1f1ed94c8e\" id=\"forminator-field-first-name-1_69f1f1ed94c8e-label\" class=\"forminator-label\">Pr\u00e9nom <span class=\"forminator-required\">*<\/span><\/label><input type=\"text\" name=\"name-1-first-name\" placeholder=\"\" id=\"forminator-field-first-name-1_69f1f1ed94c8e\" class=\"forminator-input\" aria-required=\"true\" data-multi=\"1\" autocomplete=\"given-name\" value=\"\" \/><\/div><\/div><div class=\"forminator-col forminator-col-md-6\"><div class=\"forminator-field\"><label for=\"forminator-field-last-name-1_69f1f1ed94c8e\" id=\"forminator-field-last-name-1_69f1f1ed94c8e-label\" class=\"forminator-label\">Nom <span class=\"forminator-required\">*<\/span><\/label><input type=\"text\" name=\"name-1-last-name\" placeholder=\"\" id=\"forminator-field-last-name-1_69f1f1ed94c8e\" class=\"forminator-input\" aria-required=\"true\" data-multi=\"1\" autocomplete=\"family-name\" value=\"\" \/><\/div><\/div><\/div><\/div><\/div><div class=\"forminator-row\"><div id=\"phone-1\" class=\"forminator-field-phone forminator-col forminator-col-4\"><div class=\"forminator-field\"><label for=\"forminator-field-phone-1_69f1f1ed94c8e\" id=\"forminator-field-phone-1_69f1f1ed94c8e-label\" class=\"forminator-label\">T\u00e9l\u00e9phone <span class=\"forminator-required\">*<\/span><\/label><input type=\"text\" name=\"phone-1\" value=\"\" placeholder=\"\" id=\"forminator-field-phone-1_69f1f1ed94c8e\" class=\"forminator-input forminator-field--phone\" data-required=\"1\" aria-required=\"true\" autocomplete=\"off\" \/><\/div><\/div><div id=\"email-1\" class=\"forminator-field-email forminator-col forminator-col-4\"><div class=\"forminator-field\"><label for=\"forminator-field-email-1_69f1f1ed94c8e\" id=\"forminator-field-email-1_69f1f1ed94c8e-label\" class=\"forminator-label\">Adresse Email <span class=\"forminator-required\">*<\/span><\/label><input type=\"email\" name=\"email-1\" value=\"\" placeholder=\"\" id=\"forminator-field-email-1_69f1f1ed94c8e\" class=\"forminator-input forminator-email--field\" data-required=\"1\" aria-required=\"true\" autocomplete=\"email\" \/><\/div><\/div><div id=\"date-1\" class=\"forminator-field-date forminator-col forminator-col-4\"><div class=\"forminator-field\"><label for=\"forminator-field-date-1-picker_69f1f1ed94c8e\" id=\"forminator-field-date-1-picker_69f1f1ed94c8e-label\" class=\"forminator-label\">La date de votre mariage <span class=\"forminator-required\">*<\/span><\/label><div class=\"forminator-input-with-icon\"><span class=\"forminator-icon-calendar\" aria-hidden=\"true\"><\/span><input autocomplete=\"off\" type=\"text\" size=\"1\" name=\"date-1\" value=\"04\/29\/2026\" placeholder=\"Choisissez une date\" id=\"forminator-field-date-1-picker_69f1f1ed94c8e\" class=\"forminator-input forminator-datepicker\" data-required=\"1\" data-format=\"mm\/dd\/yy\" data-restrict-type=\"\" data-restrict=\"\" data-start-year=\"1926\" data-end-year=\"2126\" data-past-dates=\"enable\" data-start-of-week=\"1\" data-start-date=\"\" data-end-date=\"\" data-start-field=\"\" data-end-field=\"\" data-start-offset=\"\" data-end-offset=\"\" data-disable-date=\"\" data-disable-range=\"\" \/><\/div><\/div><\/div><\/div><div class=\"forminator-row\"><div id=\"text-1\" class=\"forminator-field-text forminator-col forminator-col-12\"><div class=\"forminator-field\"><label for=\"forminator-field-text-1_69f1f1ed94c8e\" id=\"forminator-field-text-1_69f1f1ed94c8e-label\" class=\"forminator-label\">Le lieu de votre mariage <span class=\"forminator-required\">*<\/span><\/label><input type=\"text\" name=\"text-1\" value=\"\" placeholder=\"\" id=\"forminator-field-text-1_69f1f1ed94c8e\" class=\"forminator-input forminator-name--field\" data-required=\"1\" \/><\/div><\/div><\/div><div class=\"forminator-row\"><div id=\"textarea-1\" class=\"forminator-field-textarea forminator-col forminator-col-12\"><div class=\"forminator-field\"><label for=\"forminator-field-textarea-1_69f1f1ed94c8e\" id=\"forminator-field-textarea-1_69f1f1ed94c8e-label\" class=\"forminator-label\">Expliquez nous votre projet <span class=\"forminator-required\">*<\/span><\/label><textarea name=\"textarea-1\" placeholder=\"\" id=\"forminator-field-textarea-1_69f1f1ed94c8e\" class=\"forminator-textarea\" rows=\"6\" style=\"--forminator-textarea-min-height:140px;\" ><\/textarea><\/div><\/div><\/div><div class=\"forminator-row\"><div id=\"url-1\" class=\"forminator-field-url forminator-col forminator-col-12\"><div class=\"forminator-field\"><label for=\"forminator-field-url-1_69f1f1ed94c8e\" id=\"forminator-field-url-1_69f1f1ed94c8e-label\" class=\"forminator-label\">Votre inspiration Pinterest<\/label><input type=\"url\" name=\"url-1\" value=\"\" placeholder=\"\" id=\"forminator-field-url-1_69f1f1ed94c8e\" class=\"forminator-input forminator-website--field\" data-required=\"\" aria-required=\"false\" \/><\/div><\/div><\/div><div class=\"forminator-row\"><div id=\"upload-1\" class=\"forminator-field-upload forminator-col forminator-col-12\"><div class=\"forminator-field\"><label for=\"forminator-field-upload-1_69f1f1ed94c8e\" id=\"forminator-field-upload-1_69f1f1ed94c8e-label\" class=\"forminator-label\">Vos photos d'inspiration<\/label><div class=\"forminator-multi-upload\" data-element=\"upload-1_69f1f1ed94c8e\"><input type=\"file\" name=\"upload-1[]\" id=\"forminator-field-upload-1_69f1f1ed94c8e\" class=\"forminator-input-file forminator-field-upload-1_69f1f1ed94c8e-372884\" multiple=\"multiple\" data-method=\"ajax\" accept=\".avif,.heif,.heics,.heifs,.woff,.woff2,.jpg,.jpeg,.jpe,.png,.heic,.webp\" data-limit=\"3\" data-limit-message=\"Vous pouvez t\u00e9l\u00e9verser un maximum de 3 fichiers.\" data-size=\"8000000\" data-size-message=\"Maximum file size allowed is 8 MB. \" data-filetype=\"avif|heif|heics|heifs|woff|woff2|jpg|jpeg|jpe|png|heic|webp\" data-filetype-message=\"l\u2019extension de fichier n\u2019est pas autoris\u00e9e.\"><div class=\"forminator-multi-upload-message\" aria-hidden=\"true\"><span class=\"forminator-icon-upload\" aria-hidden=\"true\"><\/span><p>Glissez et d\u00e9posez (ou) <a class=\"forminator-upload-file--forminator-field-upload-1_69f1f1ed94c8e\" href=\"#\" onclick=\"return false;\">Choisissez des fichiers<\/a><\/p><\/div><\/div><ul class=\"forminator-uploaded-files upload-container-upload-1_69f1f1ed94c8e\"><\/ul><\/div><\/div><\/div><input type=\"hidden\" name=\"referer_url\" value=\"\" \/><div class=\"forminator-row forminator-row-last\"><div class=\"forminator-col\"><div class=\"forminator-field\"><button class=\"forminator-button forminator-button-submit\"><span>Envoyer<\/span><span aria-hidden=\"true\"><\/span><\/button><\/div><\/div><\/div><input type=\"hidden\" id=\"forminator_nonce\" name=\"forminator_nonce\" value=\"ed552f77db\" \/><input type=\"hidden\" name=\"_wp_http_referer\" value=\"\/fr\/wp-json\/wp\/v2\/pages\/19\" \/><input type=\"hidden\" name=\"form_id\" value=\"372884\"><input type=\"hidden\" name=\"page_id\" value=\"19\"><input type=\"hidden\" name=\"form_type\" value=\"default\"><input type=\"hidden\" name=\"current_url\" value=\"https:\/\/anyflowers.fr\/fr\/contact\/\"><input type=\"hidden\" name=\"render_id\" value=\"0\"><input type=\"hidden\" name=\"forminator-multifile-hidden\" class=\"forminator-multifile-hidden\"><input type=\"hidden\" name=\"action\" value=\"forminator_submit_form_custom-forms\"><input type=\"hidden\" name=\"trp-form-language\" value=\"fr\"\/><\/form>\n<\/div><\/div>\n<\/div>\n<\/div>\n<\/div>\n\n<div class=\"et_pb_section_3 et_pb_section et_section_regular et_flex_section\" id=\"faq\">\n<div class=\"et_pb_row_3 et_pb_row et_flex_row\">\n<div class=\"et_pb_column_3 et_pb_column et-last-child et_flex_column et_pb_css_mix_blend_mode_passthrough et_flex_column_24_24 et_flex_column_24_24_tablet et_flex_column_24_24_phone et_flex_column_24_24_phoneWide et_flex_column_24_24_tabletWide\">\n<div class=\"et_pb_heading_0 et_pb_heading et_pb_module et_flex_module\"><div class=\"et_pb_heading_container\"><h2 class=\"et_pb_module_header\">FAQ<\/h2><\/div><\/div>\n\n<div class=\"et_pb_toggle_0 et_pb_toggle et_pb_toggle_item et_pb_toggle_open et_pb_module et_flex_module\"><h5 class=\"et_pb_toggle_title\">COMMENT POUVONS-NOUS TRAVAILLER ENSEMBLE POUR VOTRE MARIAGE ?  <\/h5><div class=\"et_pb_toggle_content clearfix et_flex_module\"><p class=\"translation-block\">Tout commence par une consultation personnalis\u00e9e afin de comprendre vos envies, votre style et votre vision. Nous cr\u00e9ons ensuite un devis sur mesure ainsi qu\u2019un moodboard pour donner vie au mariage de vos r\u00eaves. <br>Contactez-nous pour planifier votre premier rendez-vous !<\/p>\n\n<div class=\"et_pb_image_0 et_pb_image et_pb_module et_flex_module\"><span class=\"et_pb_image_wrap\"><img loading=\"lazy\" decoding=\"async\" src=\"https:\/\/anyflowers.fr\/wp-content\/uploads\/2026\/04\/faq-1.webp\" title=\"faq-1\" width=\"720\" height=\"480\" srcset=\"https:\/\/anyflowers.fr\/wp-content\/uploads\/2026\/04\/faq-1.webp 720w, https:\/\/anyflowers.fr\/wp-content\/uploads\/2026\/04\/faq-1-480x320.webp 480w\" sizes=\"(min-width: 0px) and (max-width: 480px) 480px, (min-width: 481px) 720px, 100vw\" class=\"wp-image-372980\" \/><\/span><\/div>\n<\/div><\/div>\n\n<div class=\"et_pb_toggle_1 et_pb_toggle et_pb_toggle_item et_pb_toggle_close et_pb_module et_flex_module\"><h5 class=\"et_pb_toggle_title\">QUELS TYPES DE SERVICES PROPOSEZ-VOUS POUR LES MARIAGES ?<\/h5><div class=\"et_pb_toggle_content clearfix et_flex_module\"><p>Nous sommes sp\u00e9cialis\u00e9s dans le design floral, le stylisme \u00e9v\u00e9nementiel et l\u2019installation compl\u00e8te de votre lieu de r\u00e9ception. Que vous ayez besoin de bouquets, de centres de table, d\u2019une arche florale ou d\u2019une sc\u00e9nographie compl\u00e8te, nous prenons en charge chaque d\u00e9tail avec \u00e9l\u00e9gance et expertise.<\/p>\n\n<div class=\"et_pb_image_1 et_pb_image et_pb_module et_flex_module\"><span class=\"et_pb_image_wrap\"><img loading=\"lazy\" decoding=\"async\" src=\"https:\/\/anyflowers.fr\/wp-content\/uploads\/2025\/04\/mariage-decoration-florale7.webp\" width=\"720\" height=\"480\" srcset=\"https:\/\/anyflowers.fr\/wp-content\/uploads\/2025\/04\/mariage-decoration-florale7.webp 720w, https:\/\/anyflowers.fr\/wp-content\/uploads\/2025\/04\/mariage-decoration-florale7-480x320.webp 480w\" sizes=\"(min-width: 0px) and (max-width: 480px) 480px, (min-width: 481px) 720px, 100vw\" class=\"wp-image-277322\" \/><\/span><\/div>\n<\/div><\/div>\n\n<div class=\"et_pb_toggle_2 et_pb_toggle et_pb_toggle_item et_pb_toggle_close et_pb_module et_flex_module\"><h5 class=\"et_pb_toggle_title\">QUELS SONT VOS TARIFS ?<\/h5><div class=\"et_pb_toggle_content clearfix et_flex_module\"><p class=\"translation-block\">Our services start from:<br>\r\n\u20ac4,000 for weddings located within a 100 km radius of our studio<br>\u20ac6,000 for weddings in the Luberon, Provence, and the French Riviera<br>\r\nAs every wedding is unique, we create personalized quotes based on your needs and your vision.<\/p>\n\n<div class=\"et_pb_image_2 et_pb_image et_pb_module et_flex_module\"><span class=\"et_pb_image_wrap\"><img loading=\"lazy\" decoding=\"async\" src=\"https:\/\/anyflowers.fr\/wp-content\/uploads\/2025\/04\/mariage-decoration-florale5.webp\" width=\"718\" height=\"480\" srcset=\"https:\/\/anyflowers.fr\/wp-content\/uploads\/2025\/04\/mariage-decoration-florale5.webp 718w, https:\/\/anyflowers.fr\/wp-content\/uploads\/2025\/04\/mariage-decoration-florale5-480x321.webp 480w\" sizes=\"(min-width: 0px) and (max-width: 480px) 480px, (min-width: 481px) 718px, 100vw\" class=\"wp-image-277320\" \/><\/span><\/div>\n<\/div><\/div>\n\n<div class=\"et_pb_toggle_3 et_pb_toggle et_pb_toggle_item et_pb_toggle_close et_pb_module et_flex_module\"><h5 class=\"et_pb_toggle_title\">TRAVAILLEZ-VOUS AVEC DES WEDDING PLANNERS ET DES LIEUX DE R\u00c9CEPTION ?<\/h5><div class=\"et_pb_toggle_content clearfix et_flex_module\"><p>Oui, absolument ! Nous travaillons en \u00e9troite collaboration avec votre wedding planner, votre lieu de r\u00e9ception et les autres prestataires afin de garantir une coordination parfaite et un mariage sans stress.<\/p>\n\n<div class=\"et_pb_image_3 et_pb_image et_pb_module et_flex_module\"><span class=\"et_pb_image_wrap\"><img loading=\"lazy\" decoding=\"async\" src=\"https:\/\/anyflowers.fr\/wp-content\/uploads\/2025\/04\/mariage-decoration-florale12.webp\" width=\"719\" height=\"480\" srcset=\"https:\/\/anyflowers.fr\/wp-content\/uploads\/2025\/04\/mariage-decoration-florale12.webp 719w, https:\/\/anyflowers.fr\/wp-content\/uploads\/2025\/04\/mariage-decoration-florale12-480x320.webp 480w\" sizes=\"(min-width: 0px) and (max-width: 480px) 480px, (min-width: 481px) 719px, 100vw\" class=\"wp-image-277327\" \/><\/span><\/div>\n<\/div><\/div>\n\n<div class=\"et_pb_toggle_4 et_pb_toggle et_pb_toggle_item et_pb_toggle_close et_pb_module et_flex_module\"><h5 class=\"et_pb_toggle_title\">COMBIEN DE TEMPS \u00c0 L\u2019AVANCE DEVONS-NOUS R\u00c9SERVER VOS SERVICES ?<\/h5><div class=\"et_pb_toggle_content clearfix et_flex_module\"><p>Nous recommandons de r\u00e9server entre 6 et 12 mois \u00e0 l\u2019avance, en particulier pendant la haute saison des mariages. Cependant, nous faisons toujours de notre mieux pour r\u00e9pondre aux demandes de derni\u00e8re minute.<\/p>\n\n<div class=\"et_pb_image_4 et_pb_image et_pb_module et_flex_module\"><span class=\"et_pb_image_wrap\"><img loading=\"lazy\" decoding=\"async\" src=\"https:\/\/anyflowers.fr\/wp-content\/uploads\/2026\/04\/faq-5.webp\" title=\"faq-5\" width=\"720\" height=\"480\" srcset=\"https:\/\/anyflowers.fr\/wp-content\/uploads\/2026\/04\/faq-5.webp 720w, https:\/\/anyflowers.fr\/wp-content\/uploads\/2026\/04\/faq-5-480x320.webp 480w\" sizes=\"(min-width: 0px) and (max-width: 480px) 480px, (min-width: 481px) 720px, 100vw\" class=\"wp-image-372981\" \/><\/span><\/div>\n<\/div><\/div>\n\n<div class=\"et_pb_toggle_5 et_pb_toggle et_pb_toggle_item et_pb_toggle_close et_pb_module et_flex_module\"><h5 class=\"et_pb_toggle_title\">POURQUOI NOUS CHOISIR PLUT\u00d4T QU\u2019UN AUTRE FLEURISTE OU DESIGNER ?<\/h5><div class=\"et_pb_toggle_content clearfix et_flex_module\"><p>Avec plus de 10 ans d\u2019exp\u00e9rience, nous apportons expertise, cr\u00e9ativit\u00e9 et passion \u00e0 chaque mariage. Nous privil\u00e9gions des fleurs de haute qualit\u00e9, un accompagnement personnalis\u00e9 et une ex\u00e9cution irr\u00e9prochable pour rendre votre journ\u00e9e vraiment magique.<\/p>\n\n<div class=\"et_pb_image_5 et_pb_image et_pb_module et_flex_module\"><span class=\"et_pb_image_wrap\"><img loading=\"lazy\" decoding=\"async\" src=\"https:\/\/anyflowers.fr\/wp-content\/uploads\/2026\/04\/faq-6.webp\" title=\"faq-6\" width=\"720\" height=\"480\" srcset=\"https:\/\/anyflowers.fr\/wp-content\/uploads\/2026\/04\/faq-6.webp 720w, https:\/\/anyflowers.fr\/wp-content\/uploads\/2026\/04\/faq-6-480x320.webp 480w\" sizes=\"(min-width: 0px) and (max-width: 480px) 480px, (min-width: 481px) 720px, 100vw\" class=\"wp-image-372982\" \/><\/span><\/div>\n<\/div><\/div>\n\n<div class=\"et_pb_toggle_6 et_pb_toggle et_pb_toggle_item et_pb_toggle_close et_pb_module et_flex_module\"><h5 class=\"et_pb_toggle_title\">COMMENT POUVONS-NOUS TRAVAILLER ENSEMBLE POUR VOTRE MARIAGE ?  <\/h5><div class=\"et_pb_toggle_content clearfix et_flex_module\"><p class=\"translation-block\">Tout commence par une consultation personnalis\u00e9e afin de comprendre vos envies, votre style et votre vision. Nous cr\u00e9ons ensuite un devis sur mesure ainsi qu\u2019un moodboard pour donner vie au mariage de vos r\u00eaves. <br>Contactez-nous pour planifier votre premier rendez-vous !<\/p>\n\n<div class=\"et_pb_image_6 et_pb_image et_pb_module et_flex_module\"><span class=\"et_pb_image_wrap\"><img loading=\"lazy\" decoding=\"async\" src=\"https:\/\/anyflowers.fr\/wp-content\/uploads\/2026\/04\/faq-7.webp\" title=\"faq-7\" width=\"720\" height=\"480\" srcset=\"https:\/\/anyflowers.fr\/wp-content\/uploads\/2026\/04\/faq-7.webp 720w, https:\/\/anyflowers.fr\/wp-content\/uploads\/2026\/04\/faq-7-480x320.webp 480w\" sizes=\"(min-width: 0px) and (max-width: 480px) 480px, (min-width: 481px) 720px, 100vw\" class=\"wp-image-372983\" \/><\/span><\/div>\n<\/div><\/div>\n<\/div>\n<\/div>\n<\/div>","protected":false},"excerpt":{"rendered":"","protected":false},"author":1,"featured_media":0,"parent":0,"menu_order":0,"comment_status":"closed","ping_status":"closed","template":"","meta":{"_acf_changed":false,"footnotes":""},"class_list":["post-19","page","type-page","status-publish","hentry"],"acf":[],"_links":{"self":[{"href":"https:\/\/anyflowers.fr\/fr\/wp-json\/wp\/v2\/pages\/19","targetHints":{"allow":["GET"]}}],"collection":[{"href":"https:\/\/anyflowers.fr\/fr\/wp-json\/wp\/v2\/pages"}],"about":[{"href":"https:\/\/anyflowers.fr\/fr\/wp-json\/wp\/v2\/types\/page"}],"author":[{"embeddable":true,"href":"https:\/\/anyflowers.fr\/fr\/wp-json\/wp\/v2\/users\/1"}],"replies":[{"embeddable":true,"href":"https:\/\/anyflowers.fr\/fr\/wp-json\/wp\/v2\/comments?post=19"}],"version-history":[{"count":51,"href":"https:\/\/anyflowers.fr\/fr\/wp-json\/wp\/v2\/pages\/19\/revisions"}],"predecessor-version":[{"id":373031,"href":"https:\/\/anyflowers.fr\/fr\/wp-json\/wp\/v2\/pages\/19\/revisions\/373031"}],"wp:attachment":[{"href":"https:\/\/anyflowers.fr\/fr\/wp-json\/wp\/v2\/media?parent=19"}],"curies":[{"name":"wp","href":"https:\/\/api.w.org\/{rel}","templated":true}]}}