{"id":21,"date":"2025-11-03T13:39:52","date_gmt":"2025-11-03T12:39:52","guid":{"rendered":"https:\/\/anyflowers.fr\/?page_id=21"},"modified":"2026-04-06T12:10:59","modified_gmt":"2026-04-06T10:10:59","slug":"experience","status":"publish","type":"page","link":"https:\/\/anyflowers.fr\/fr\/experience\/","title":{"rendered":"Experience"},"content":{"rendered":"<div class=\"et_pb_section_0 et_pb_section et_section_regular et_block_section\">\n<div class=\"et_pb_row_0 et_pb_row et_block_row\">\n<div class=\"et_pb_column_0 et_pb_column et_pb_column_4_4 et-last-child et_block_column et_pb_css_mix_blend_mode_passthrough\">\n<div class=\"et_pb_text_0 et_pb_text et_pb_bg_layout_light et_pb_module et_block_module\"><div class=\"et_pb_text_inner\"><h3 class=\"translation-block\">Anyflowers <span>Fleuristes &amp; Designer<\/span><\/h3>\n<h1><span>Experience<\/span><\/h1>\n<\/div><\/div>\n<\/div>\n<\/div>\n<\/div>\n\n<div class=\"et_pb_section_1 et_pb_section et_section_regular et_block_section\">\n<div class=\"et_pb_row_1 et_pb_row et_block_row\">\n<div class=\"et_pb_column_1 et_pb_column et_pb_column_4_4 et-last-child et_block_column et_pb_css_mix_blend_mode_passthrough\">\n<div class=\"et_pb_text_1 et_pb_text et_pb_bg_layout_light et_pb_module et_flex_module\"><div class=\"et_pb_text_inner\"><p class=\"translation-block\"><em><strong>Sc\u00e9nographie <\/strong><\/em> de mariage<br> Cr\u00e9ez le <strong><em>d\u00e9cor de vos r\u00eaves<\/em><\/strong><\/p>\n<\/div><\/div>\n<\/div>\n<\/div>\n<\/div>\n\n<div class=\"et_pb_section_2 et_pb_section et_section_regular et_flex_section\">\n<div class=\"et_pb_row_2 et_pb_row et_flex_row\">\n<div class=\"et_pb_column_2 et_pb_column et_flex_column et_pb_css_mix_blend_mode_passthrough et_flex_column_8_24 et_flex_column_8_24_tablet et_flex_column_24_24_phone et_flex_column_24_24_phoneWide et_flex_column_8_24_tabletWide\">\n<div class=\"et_pb_image_0 et_pb_image et_pb_module et_flex_module\"><span class=\"et_pb_image_wrap\"><img loading=\"lazy\" decoding=\"async\" src=\"https:\/\/anyflowers.fr\/wp-content\/uploads\/2026\/04\/wedding-florist-france.webp\" title=\"wedding-florist-france\" width=\"667\" height=\"1000\" srcset=\"https:\/\/anyflowers.fr\/wp-content\/uploads\/2026\/04\/wedding-florist-france.webp 667w, https:\/\/anyflowers.fr\/wp-content\/uploads\/2026\/04\/wedding-florist-france-480x720.webp 480w\" sizes=\"(min-width: 0px) and (max-width: 480px) 480px, (min-width: 481px) 667px, 100vw\" class=\"wp-image-373042\" \/><\/span><\/div>\n<\/div>\n\n<div class=\"et_pb_column_3 et_pb_column et-last-child et_flex_column et_pb_css_mix_blend_mode_passthrough et_flex_column_16_24 et_flex_column_16_24_tablet et_flex_column_24_24_phone et_flex_column_24_24_phoneWide et_flex_column_16_24_tabletWide\">\n<div class=\"et_pb_text_2 et_pb_text et_pb_bg_layout_light et_pb_module et_flex_module\"><div class=\"et_pb_text_inner\"><h3 class=\"translation-block\">Design de mariage<br>Une exp\u00e9rience sur mesure<\/h3>\n<p>&nbsp;<\/p>\n<p>Chaque mariage que nous concevons est soigneusement pens\u00e9 pour refl\u00e9ter votre personnalit\u00e9, vos envies et cr\u00e9er une atmosph\u00e8re g\u00e9n\u00e9reuse et raffin\u00e9e. Que vous ayez une vision pr\u00e9cise de votre d\u00e9cor id\u00e9al ou que vous ayez besoin de notre accompagnement pour la d\u00e9finir, nous donnons vie \u00e0 votre projet avec cr\u00e9ativit\u00e9 et pr\u00e9cision.<\/p>\n<p><strong>Nos services de design de mariage comprennent :<\/strong> <\/p>\n<p>- Cr\u00e9ation compl\u00e8te de moodboard \u2013 Un guide visuel pour capturer l\u2019atmosph\u00e8re qui vous inspire. <br \/>- S\u00e9lection de d\u00e9coration sur mesure \u2013 Un choix soigneusement s\u00e9lectionn\u00e9 de mobilier, d\u2019art de la table, de textiles et de palettes de couleurs. <br \/>- Styling &amp; agencement des espaces \u2013 De la c\u00e9r\u00e9monie au d\u00eener, chaque d\u00e9tail est pens\u00e9 pour une esth\u00e9tique harmonieuse. <br \/>- Recherche et coordination des prestataires \u2013 (en l\u2019absence de wedding planner) Nous recherchons et s\u00e9lectionnons les meilleurs partenaires pour garantir une exp\u00e9rience fluide lorsque tous les \u00e9l\u00e9ments ne sont pas encore d\u00e9finis. <br \/>- On-the-Day Design Coordination \u2013 Supervision of floral and decorative setup to bring your vision to life. (We collaborate with your wedding planner if you have one.)<\/p>\n<p>Avec un regard artistique aff\u00fbt\u00e9 et une attention in\u00e9gal\u00e9e port\u00e9e aux d\u00e9tails, nous cr\u00e9ons des mariages \u00e0 la fois sublimes et uniques \u2014 pour une journ\u00e9e aussi belle qu\u2019inoubliable.<\/p>\n<\/div><\/div>\n<\/div>\n<\/div>\n<\/div>\n\n<div class=\"et_pb_section_3 et_pb_section et_section_regular et_flex_section\">\n<div class=\"et_pb_row_3 et_pb_row et_flex_row\">\n<div class=\"et_pb_column_4 et_pb_column et-last-child et_flex_column et_pb_css_mix_blend_mode_passthrough et_flex_column_24_24 et_flex_column_24_24_tablet et_flex_column_24_24_phoneWide et_flex_column_24_24_tabletWide\">\n<div class=\"et_pb_image_1 et_pb_image et_pb_module et_block_module\"><span class=\"et_pb_image_wrap\"><img loading=\"lazy\" decoding=\"async\" src=\"https:\/\/anyflowers.fr\/wp-content\/uploads\/2026\/04\/colorfull_bride_bouquet_anyflowers.webp\" title=\"colorfull_bride_bouquet_anyflowers\" width=\"719\" height=\"480\" srcset=\"https:\/\/anyflowers.fr\/wp-content\/uploads\/2026\/04\/colorfull_bride_bouquet_anyflowers.webp 719w, https:\/\/anyflowers.fr\/wp-content\/uploads\/2026\/04\/colorfull_bride_bouquet_anyflowers-480x320.webp 480w\" sizes=\"(min-width: 0px) and (max-width: 480px) 480px, (min-width: 481px) 719px, 100vw\" class=\"wp-image-372958\" \/><\/span><\/div>\n\n<div class=\"et_pb_image_2 et_pb_image et_pb_module et_block_module\"><span class=\"et_pb_image_wrap\"><img loading=\"lazy\" decoding=\"async\" src=\"https:\/\/anyflowers.fr\/wp-content\/uploads\/2026\/04\/wedding_couple_and_castle_anyflowers.webp\" title=\"wedding_couple_and_castle_anyflowers\" width=\"719\" height=\"480\" srcset=\"https:\/\/anyflowers.fr\/wp-content\/uploads\/2026\/04\/wedding_couple_and_castle_anyflowers.webp 719w, https:\/\/anyflowers.fr\/wp-content\/uploads\/2026\/04\/wedding_couple_and_castle_anyflowers-480x320.webp 480w\" sizes=\"(min-width: 0px) and (max-width: 480px) 480px, (min-width: 481px) 719px, 100vw\" class=\"wp-image-372959\" \/><\/span><\/div>\n\n<div class=\"et_pb_image_3 et_pb_image et_pb_module et_block_module\"><span class=\"et_pb_image_wrap\"><img loading=\"lazy\" decoding=\"async\" src=\"https:\/\/anyflowers.fr\/wp-content\/uploads\/2026\/04\/mandap_indian_ceremony_anyflowers.webp\" title=\"mandap_indian_ceremony_anyflowers\" width=\"320\" height=\"480\" srcset=\"https:\/\/anyflowers.fr\/wp-content\/uploads\/2026\/04\/mandap_indian_ceremony_anyflowers.webp 320w, https:\/\/anyflowers.fr\/wp-content\/uploads\/2026\/04\/mandap_indian_ceremony_anyflowers-200x300.webp 200w, https:\/\/anyflowers.fr\/wp-content\/uploads\/2026\/04\/mandap_indian_ceremony_anyflowers-8x12.webp 8w\" sizes=\"(max-width: 320px) 100vw, 320px\" class=\"wp-image-372960\" \/><\/span><\/div>\n\n<div class=\"et_pb_image_4 et_pb_image et_pb_module et_block_module\"><span class=\"et_pb_image_wrap\"><img loading=\"lazy\" decoding=\"async\" src=\"https:\/\/anyflowers.fr\/wp-content\/uploads\/2026\/04\/wedding_vintage_car_anyflowers.webp\" title=\"wedding_vintage_car_anyflowers\" width=\"719\" height=\"480\" srcset=\"https:\/\/anyflowers.fr\/wp-content\/uploads\/2026\/04\/wedding_vintage_car_anyflowers.webp 719w, https:\/\/anyflowers.fr\/wp-content\/uploads\/2026\/04\/wedding_vintage_car_anyflowers-480x320.webp 480w\" sizes=\"(min-width: 0px) and (max-width: 480px) 480px, (min-width: 481px) 719px, 100vw\" class=\"wp-image-372974\" \/><\/span><\/div>\n\n<div class=\"et_pb_image_5 et_pb_image et_pb_module et_block_module\"><span class=\"et_pb_image_wrap\"><img loading=\"lazy\" decoding=\"async\" src=\"https:\/\/anyflowers.fr\/wp-content\/uploads\/2026\/04\/wedding_ceremony_old_chapel.webp\" title=\"wedding_ceremony_old_chapel\" width=\"321\" height=\"480\" srcset=\"https:\/\/anyflowers.fr\/wp-content\/uploads\/2026\/04\/wedding_ceremony_old_chapel.webp 321w, https:\/\/anyflowers.fr\/wp-content\/uploads\/2026\/04\/wedding_ceremony_old_chapel-201x300.webp 201w, https:\/\/anyflowers.fr\/wp-content\/uploads\/2026\/04\/wedding_ceremony_old_chapel-8x12.webp 8w\" sizes=\"(max-width: 321px) 100vw, 321px\" class=\"wp-image-372962\" \/><\/span><\/div>\n<\/div>\n<\/div>\n<\/div>\n\n<div class=\"et_pb_section_4 et_pb_section et_section_regular et_flex_section\">\n<div class=\"et_pb_row_4 et_pb_row et_flex_row\">\n<div class=\"et_pb_column_5 et_pb_column et-last-child et_flex_column et_pb_css_mix_blend_mode_passthrough et_flex_column_24_24 et_flex_column_24_24_tablet et_flex_column_24_24_phone et_flex_column_24_24_phoneWide et_flex_column_24_24_tabletWide\">\n<div class=\"et_pb_text_3 et_pb_text et_pb_bg_layout_light et_pb_module et_flex_module\"><div class=\"et_pb_text_inner\"><p class=\"translation-block\"><strong><em>L'\u00e9tape cl\u00e9<\/em> <\/strong> de votre <strong><em>mariage<\/em><\/strong><\/p>\n<\/div><\/div>\n<\/div>\n<\/div>\n\n<div class=\"et_pb_row_5 et_pb_row et_flex_row\">\n<div class=\"et_pb_column_6 et_pb_column et-last-child et_flex_column et_pb_css_mix_blend_mode_passthrough et_flex_column_24_24 et_flex_column_24_24_tablet et_flex_column_24_24_phone et_flex_column_24_24_phoneWide et_flex_column_24_24_tabletWide\">\n<div class=\"et_pb_text_4 et_pb_text et_pb_bg_layout_light et_pb_module et_flex_module\"><div class=\"et_pb_text_inner\"><p>1.<\/p>\n<\/div><\/div>\n\n<div class=\"et_pb_text_5 et_pb_text et_pb_bg_layout_light et_pb_module et_flex_module et_flex_column_12_24 et_flex_column_18_24_tablet et_flex_column_18_24_phone et_flex_column_18_24_phoneWide et_flex_column_12_24_tabletWide\"><div class=\"et_pb_text_inner\"><h2>DEMANDE &amp; R\u00c9SERVATION<\/h2>\n<p class=\"translation-block\">Apr\u00e8s un premier \u00e9change t\u00e9l\u00e9phonique ou en visioconf\u00e9rence, nous vous transmettons un devis ainsi qu\u2019un moodboard.\nSi notre proposition vous convient, nous vous invitons \u00e0 la signer et \u00e0 verser un acompte de 30 %.<\/p>\n<\/div><\/div>\n<\/div>\n<\/div>\n\n<div class=\"et_pb_row_6 et_pb_row et_flex_row\">\n<div class=\"et_pb_column_7 et_pb_column et-last-child et_flex_column et_pb_css_mix_blend_mode_passthrough et_flex_column_24_24 et_flex_column_24_24_tablet et_flex_column_24_24_phone et_flex_column_24_24_phoneWide et_flex_column_24_24_tabletWide\">\n<div class=\"et_pb_text_6 et_pb_text et_pb_bg_layout_light et_pb_module et_flex_module\"><div class=\"et_pb_text_inner\"><p>2.<\/p>\n<\/div><\/div>\n\n<div class=\"et_pb_text_7 et_pb_text et_pb_bg_layout_light et_pb_module et_flex_module et_flex_column_12_24 et_flex_column_18_24_tablet et_flex_column_18_24_phone et_flex_column_18_24_phoneWide et_flex_column_12_24_tabletWide\"><div class=\"et_pb_text_inner\"><h2>VOTRE D\u00c9COR \u2013 LES \u00c9TAPES<\/h2>\n<p>Nous affinons les d\u00e9tails et vos besoins sp\u00e9cifiques avec vous et votre wedding planner jusqu\u2019au jour J. Nous r\u00e9alisons une visite technique du lieu ainsi qu\u2019une table test afin de valider chaque d\u00e9tail. Un second acompte de 30 % est demand\u00e9 en cours de projet.<\/p>\n<\/div><\/div>\n<\/div>\n<\/div>\n\n<div class=\"et_pb_row_7 et_pb_row et_flex_row\">\n<div class=\"et_pb_column_8 et_pb_column et-last-child et_flex_column et_pb_css_mix_blend_mode_passthrough et_flex_column_24_24 et_flex_column_24_24_tablet et_flex_column_24_24_phone et_flex_column_24_24_phoneWide et_flex_column_24_24_tabletWide\">\n<div class=\"et_pb_text_8 et_pb_text et_pb_bg_layout_light et_pb_module et_flex_module\"><div class=\"et_pb_text_inner\"><p>3.<\/p>\n<\/div><\/div>\n\n<div class=\"et_pb_text_9 et_pb_text et_pb_bg_layout_light et_pb_module et_flex_module et_flex_column_12_24 et_flex_column_18_24_tablet et_flex_column_18_24_phone et_flex_column_18_24_phoneWide et_flex_column_12_24_tabletWide\"><div class=\"et_pb_text_inner\"><h2>LES DERNIERS D\u00c9TAILS<\/h2>\n<p>Un mois avant, nous validons les quantit\u00e9s finales ainsi que le plan de table. Cela nous permet de pr\u00e9parer les \u00e9l\u00e9ments personnalis\u00e9s tels que les bougies et les rubans. Le solde restant est \u00e0 r\u00e9gler une semaine avant le mariage.<\/p>\n<\/div><\/div>\n<\/div>\n<\/div>\n\n<div class=\"et_pb_row_8 et_pb_row et_flex_row\">\n<div class=\"et_pb_column_9 et_pb_column et-last-child et_flex_column et_pb_css_mix_blend_mode_passthrough et_flex_column_24_24 et_flex_column_24_24_tablet et_flex_column_24_24_phone et_flex_column_24_24_phoneWide et_flex_column_24_24_tabletWide\">\n<div class=\"et_pb_text_10 et_pb_text et_pb_bg_layout_light et_pb_module et_flex_module\"><div class=\"et_pb_text_inner\"><p>4.<\/p>\n<\/div><\/div>\n\n<div class=\"et_pb_text_11 et_pb_text et_pb_bg_layout_light et_pb_module et_flex_module et_flex_column_12_24 et_flex_column_18_24_tablet et_flex_column_18_24_phone et_flex_column_18_24_phoneWide et_flex_column_12_24_tabletWide\"><div class=\"et_pb_text_inner\"><h2>LE JOUR DU MARIAGE<\/h2>\n<p>La veille, \u00e0 l\u2019atelier, nous pr\u00e9parons les diff\u00e9rents \u00e9l\u00e9ments tels que les compositions et les accessoires. Le jour du mariage, l\u2019\u00e9quipe assure la livraison et l\u2019installation, en effectuant les ajustements n\u00e9cessaires ou en r\u00e9alisant certaines cr\u00e9ations florales sur place. Le lendemain, le d\u00e9montage est effectu\u00e9 selon les contraintes horaires du lieu.<\/p>\n<\/div><\/div>\n<\/div>\n<\/div>\n\n<div class=\"et_pb_row_9 et_pb_row et_flex_row\">\n<div class=\"et_pb_column_10 et_pb_column et-last-child et_flex_column et_pb_css_mix_blend_mode_passthrough et_flex_column_24_24 et_flex_column_24_24_tablet et_flex_column_24_24_phone et_flex_column_24_24_phoneWide et_flex_column_24_24_tabletWide\">\n<div class=\"et_pb_module et_pb_button_module_wrapper et_pb_button_0_wrapper preset--module--divi-button--default_wrapper\"><a class=\"et_pb_button_0 et_pb_button et_pb_bg_layout_light et_pb_module et_flex_module preset--module--divi-button--default\" href=\"\/fr\/contact\/\">Contact<\/a><\/div>\n<\/div>\n<\/div>\n<\/div>\n\n<div class=\"et_pb_section_5 et_pb_section et_section_regular et_flex_section\">\n<div class=\"et_pb_row_10 et_pb_row et_flex_row\">\n<div class=\"et_pb_column_11 et_pb_column et-last-child et_flex_column et_pb_css_mix_blend_mode_passthrough et_flex_column_24_24 et_flex_column_24_24_tablet et_flex_column_24_24_phone et_flex_column_24_24_phoneWide et_flex_column_24_24_tabletWide\">\n<div class=\"et_pb_text_12 et_pb_text et_pb_bg_layout_light et_pb_module et_flex_module\"><div class=\"et_pb_text_inner\"><p class=\"translation-block\">\u00c9motions florales <br>au c\u0153ur de votre lieu de r\u00e9ception<\/p>\n<\/div><\/div>\n<\/div>\n<\/div>\n\n<div class=\"et_pb_row_11 et_pb_row et_flex_row\">\n<div class=\"et_pb_column_12 et_pb_column et-last-child et_flex_column et_pb_css_mix_blend_mode_passthrough et_flex_column_24_24 et_flex_column_24_24_tablet et_flex_column_24_24_phone et_flex_column_24_24_phoneWide et_flex_column_24_24_tabletWide\">\n<div class=\"et_pb_group_carousel_0 et_pb_group_carousel et_pb_group et_pb_module et_pb_group_carousel_center_mode et_pb_group_carousel_arrows_inside et_pb_group_carousel_dots_disabled et_pb_group_carousel_slides_3\"><div class=\"et_pb_group_carousel_container\"><div class=\"et_pb_group_carousel_track\"><div class=\"et_pb_group_carousel_slide\"><div class=\"et_pb_group_0 et_pb_group et_pb_module et_flex_group et_pb_css_mix_blend_mode_passthrough\">\n<div class=\"et_pb_image_6 et_pb_image et_pb_module et_flex_module\"><span class=\"et_pb_image_wrap\"><img loading=\"lazy\" decoding=\"async\" src=\"https:\/\/anyflowers.fr\/wp-content\/uploads\/2026\/04\/colored_wedding_table_anyflowers.webp\" title=\"colored_wedding_table_anyflowers\" width=\"720\" height=\"481\" srcset=\"https:\/\/anyflowers.fr\/wp-content\/uploads\/2026\/04\/colored_wedding_table_anyflowers.webp 720w, https:\/\/anyflowers.fr\/wp-content\/uploads\/2026\/04\/colored_wedding_table_anyflowers-480x321.webp 480w\" sizes=\"(min-width: 0px) and (max-width: 480px) 480px, (min-width: 481px) 720px, 100vw\" class=\"wp-image-372948\" \/><\/span><\/div>\n<\/div><\/div><div class=\"et_pb_group_carousel_slide\"><div class=\"et_pb_group_1 et_pb_group et_pb_module et_flex_group et_pb_css_mix_blend_mode_passthrough\">\n<div class=\"et_pb_image_7 et_pb_image et_pb_module et_flex_module\"><span class=\"et_pb_image_wrap\"><img loading=\"lazy\" decoding=\"async\" src=\"https:\/\/anyflowers.fr\/wp-content\/uploads\/2026\/04\/modern_white_wedding_ceremony_anyflowers.webp\" title=\"modern_white_wedding_ceremony_anyflowers\" width=\"720\" height=\"480\" srcset=\"https:\/\/anyflowers.fr\/wp-content\/uploads\/2026\/04\/modern_white_wedding_ceremony_anyflowers.webp 720w, https:\/\/anyflowers.fr\/wp-content\/uploads\/2026\/04\/modern_white_wedding_ceremony_anyflowers-480x320.webp 480w\" sizes=\"(min-width: 0px) and (max-width: 480px) 480px, (min-width: 481px) 720px, 100vw\" class=\"wp-image-372949\" \/><\/span><\/div>\n<\/div><\/div><div class=\"et_pb_group_carousel_slide\"><div class=\"et_pb_group_2 et_pb_group et_pb_module et_flex_group et_pb_css_mix_blend_mode_passthrough\">\n<div class=\"et_pb_image_8 et_pb_image et_pb_module et_flex_module\"><span class=\"et_pb_image_wrap\"><img loading=\"lazy\" decoding=\"async\" src=\"https:\/\/anyflowers.fr\/wp-content\/uploads\/2026\/04\/round_mandap_anyflowers.webp\" title=\"round_mandap_anyflowers\" width=\"720\" height=\"480\" srcset=\"https:\/\/anyflowers.fr\/wp-content\/uploads\/2026\/04\/round_mandap_anyflowers.webp 720w, https:\/\/anyflowers.fr\/wp-content\/uploads\/2026\/04\/round_mandap_anyflowers-480x320.webp 480w\" sizes=\"(min-width: 0px) and (max-width: 480px) 480px, (min-width: 481px) 720px, 100vw\" class=\"wp-image-372950\" \/><\/span><\/div>\n<\/div><\/div><div class=\"et_pb_group_carousel_slide\"><div class=\"et_pb_group_3 et_pb_group et_pb_module et_flex_group et_pb_css_mix_blend_mode_passthrough\">\n<div class=\"et_pb_image_9 et_pb_image et_pb_module et_flex_module\"><span class=\"et_pb_image_wrap\"><img loading=\"lazy\" decoding=\"async\" src=\"https:\/\/anyflowers.fr\/wp-content\/uploads\/2026\/04\/wedding_sea_vieuw_brideandgroom_anyflowers.webp\" title=\"wedding_sea_vieuw_brideandgroom_anyflowers\" width=\"720\" height=\"480\" srcset=\"https:\/\/anyflowers.fr\/wp-content\/uploads\/2026\/04\/wedding_sea_vieuw_brideandgroom_anyflowers.webp 720w, https:\/\/anyflowers.fr\/wp-content\/uploads\/2026\/04\/wedding_sea_vieuw_brideandgroom_anyflowers-480x320.webp 480w\" sizes=\"(min-width: 0px) and (max-width: 480px) 480px, (min-width: 481px) 720px, 100vw\" class=\"wp-image-372951\" \/><\/span><\/div>\n<\/div><\/div><div class=\"et_pb_group_carousel_slide\"><div class=\"et_pb_group_4 et_pb_group et-last-child et_pb_module et_flex_group et_pb_css_mix_blend_mode_passthrough\">\n<div class=\"et_pb_image_10 et_pb_image et_pb_module et_flex_module\"><span class=\"et_pb_image_wrap\"><img loading=\"lazy\" decoding=\"async\" src=\"https:\/\/anyflowers.fr\/wp-content\/uploads\/2026\/04\/wedding_sweet_heart_table_anyflowers.webp\" title=\"wedding_sweet_heart_table_anyflowers\" width=\"720\" height=\"480\" srcset=\"https:\/\/anyflowers.fr\/wp-content\/uploads\/2026\/04\/wedding_sweet_heart_table_anyflowers.webp 720w, https:\/\/anyflowers.fr\/wp-content\/uploads\/2026\/04\/wedding_sweet_heart_table_anyflowers-480x320.webp 480w\" sizes=\"(min-width: 0px) and (max-width: 480px) 480px, (min-width: 481px) 720px, 100vw\" class=\"wp-image-372952\" \/><\/span><\/div>\n<\/div><\/div><\/div><\/div><span class=\"et_pb_group_carousel_arrow et_pb_group_carousel_arrow_prev\" role=\"button\" tabindex=\"0\" aria-label=\"Previous slide\"><span class=\"et-pb-icon\">4<\/span><\/span><span class=\"et_pb_group_carousel_arrow et_pb_group_carousel_arrow_next\" role=\"button\" tabindex=\"0\" aria-label=\"Next slide\"><span class=\"et-pb-icon\">5<\/span><\/span><\/div>\n\n<div class=\"et_pb_module et_pb_button_module_wrapper et_pb_button_1_wrapper preset--module--divi-button--default_wrapper\"><a class=\"et_pb_button_1 et_pb_button et_pb_bg_layout_light et_pb_module et_flex_module preset--module--divi-button--default\" href=\"\/fr\/portfolio\/\">Portfolio<\/a><\/div>\n<\/div>\n<\/div>\n<\/div>","protected":false},"excerpt":{"rendered":"","protected":false},"author":1,"featured_media":0,"parent":0,"menu_order":0,"comment_status":"closed","ping_status":"closed","template":"","meta":{"_acf_changed":false,"footnotes":""},"class_list":["post-21","page","type-page","status-publish","hentry"],"acf":[],"_links":{"self":[{"href":"https:\/\/anyflowers.fr\/fr\/wp-json\/wp\/v2\/pages\/21","targetHints":{"allow":["GET"]}}],"collection":[{"href":"https:\/\/anyflowers.fr\/fr\/wp-json\/wp\/v2\/pages"}],"about":[{"href":"https:\/\/anyflowers.fr\/fr\/wp-json\/wp\/v2\/types\/page"}],"author":[{"embeddable":true,"href":"https:\/\/anyflowers.fr\/fr\/wp-json\/wp\/v2\/users\/1"}],"replies":[{"embeddable":true,"href":"https:\/\/anyflowers.fr\/fr\/wp-json\/wp\/v2\/comments?post=21"}],"version-history":[{"count":33,"href":"https:\/\/anyflowers.fr\/fr\/wp-json\/wp\/v2\/pages\/21\/revisions"}],"predecessor-version":[{"id":373043,"href":"https:\/\/anyflowers.fr\/fr\/wp-json\/wp\/v2\/pages\/21\/revisions\/373043"}],"wp:attachment":[{"href":"https:\/\/anyflowers.fr\/fr\/wp-json\/wp\/v2\/media?parent=21"}],"curies":[{"name":"wp","href":"https:\/\/api.w.org\/{rel}","templated":true}]}}