{"id":25,"date":"2025-11-03T13:40:16","date_gmt":"2025-11-03T12:40:16","guid":{"rendered":"https:\/\/anyflowers.fr\/?page_id=25"},"modified":"2026-04-08T11:07:32","modified_gmt":"2026-04-08T09:07:32","slug":"about","status":"publish","type":"page","link":"https:\/\/anyflowers.fr\/fr\/about\/","title":{"rendered":"A propos"},"content":{"rendered":"<div class=\"et_pb_section_0 et_pb_section et_section_regular et_block_section\">\n<div class=\"et_pb_row_0 et_pb_row et_block_row\">\n<div class=\"et_pb_column_0 et_pb_column et_pb_column_4_4 et-last-child et_block_column et_pb_css_mix_blend_mode_passthrough\">\n<div class=\"et_pb_text_0 et_pb_text et_pb_bg_layout_light et_pb_module et_block_module\"><div class=\"et_pb_text_inner\"><h3 class=\"translation-block\">Anyflowers <span>Fleuristes &amp; Designer<\/span><\/h3>\n<h1><span>A propos<\/span><\/h1>\n<\/div><\/div>\n<\/div>\n<\/div>\n<\/div>\n\n<div class=\"et_pb_section_1 et_pb_section et_section_regular et_flex_section\">\n<div class=\"et_pb_row_1 et_pb_row et_flex_row\">\n<div class=\"et_pb_column_1 et_pb_column et_flex_column et_pb_css_mix_blend_mode_passthrough et_flex_column_8_24 et_flex_column_8_24_tablet et_flex_column_24_24_phone et_flex_column_24_24_phoneWide et_flex_column_8_24_tabletWide\">\n<div class=\"et_pb_image_0 et_pb_image et_pb_module et_flex_module\"><span class=\"et_pb_image_wrap\"><img loading=\"lazy\" decoding=\"async\" src=\"https:\/\/anyflowers.fr\/wp-content\/uploads\/2026\/04\/virginia-david-anyflowers-about-us.webp\" title=\"virginia-david-anyflowers-about-us\" width=\"667\" height=\"1000\" srcset=\"https:\/\/anyflowers.fr\/wp-content\/uploads\/2026\/04\/virginia-david-anyflowers-about-us.webp 667w, https:\/\/anyflowers.fr\/wp-content\/uploads\/2026\/04\/virginia-david-anyflowers-about-us-480x720.webp 480w\" sizes=\"(min-width: 0px) and (max-width: 480px) 480px, (min-width: 481px) 667px, 100vw\" class=\"wp-image-372929\" \/><\/span><\/div>\n<\/div>\n\n<div class=\"et_pb_column_2 et_pb_column et-last-child et_flex_column et_pb_css_mix_blend_mode_passthrough et_flex_column_16_24 et_flex_column_16_24_tablet et_flex_column_24_24_phone et_flex_column_24_24_phoneWide et_flex_column_16_24_tabletWide\">\n<div class=\"et_pb_text_1 et_pb_text et_pb_bg_layout_light et_pb_module et_flex_module\"><div class=\"et_pb_text_inner\"><h3>A propos<\/h3>\n<h2>Fleuristes &amp; Designers<\/h2>\n<p>&nbsp;<\/p>\n<p>Nous sommes Virginia et David, un couple passionn\u00e9 par l\u2019art floral et l\u2019univers du mariage. Mari\u00e9s et parents de deux enfants \u00e2g\u00e9s de 21 et 16 ans, nous partageons \u00e9galement notre quotidien avec nos adorables chats.<\/p>\n<p>Notre parcours a commenc\u00e9 en 2012, lorsque Virginia a fond\u00e9 l\u2019entreprise. Le succ\u00e8s a rapidement \u00e9t\u00e9 au rendez-vous, et David a rejoint l\u2019aventure peu de temps apr\u00e8s. En 2016, nous avons transform\u00e9 notre activit\u00e9 en soci\u00e9t\u00e9 par actions simplifi\u00e9e (SAS) et en sommes depuis les co-dirigeants.<\/p>\n<p>Notre expertise s\u2019est construite gr\u00e2ce \u00e0 des formations aux \u00c9tats-Unis et \u00e0 Londres, ainsi qu\u2019\u00e0 des collaborations en tant que fleuristes sur des mariages \u00e0 travers l\u2019Europe. Cette richesse d\u2019exp\u00e9rience nous a permis d\u2019affiner notre style unique et de perfectionner notre savoir-faire.<\/p>\n<p>Aujourd\u2019hui, notre travail est reconnu et appr\u00e9ci\u00e9 par plusieurs wedding planners figurant dans le prestigieux classement DWP (Destination Wedding Planners) \u2014 une belle reconnaissance de notre engagement et de notre passion pour la cr\u00e9ation de d\u00e9cors floraux d\u2019exception pour les plus beaux mariages.<\/p>\n<\/div><\/div>\n<\/div>\n<\/div>\n<\/div>\n\n<div class=\"et_pb_section_2 et_pb_section et_section_regular et_flex_section\">\n<div class=\"et_pb_row_2 et_pb_row et_flex_row\">\n<div class=\"et_pb_column_3 et_pb_column et-last-child et_flex_column et_pb_css_mix_blend_mode_passthrough et_flex_column_24_24 et_flex_column_24_24_tablet et_flex_column_24_24_phone et_flex_column_24_24_phoneWide et_flex_column_24_24_tabletWide\">\n<div class=\"et_pb_text_2 et_pb_text et_pb_bg_layout_light et_pb_module et_flex_module\"><div class=\"et_pb_text_inner\"><p class=\"translation-block\">10 raisons<br><span style=\"color: #ffffff\">de nous faire confiance<\/span><\/p>\n<\/div><\/div>\n<\/div>\n<\/div>\n\n<div class=\"et_pb_row_3 et_pb_row et_flex_row\">\n<div class=\"et_pb_column_4 et_pb_column et-last-child et_flex_column et_pb_css_mix_blend_mode_passthrough et_flex_column_24_24 et_flex_column_24_24_tablet et_flex_column_24_24_phone et_flex_column_24_24_phoneWide et_flex_column_24_24_tabletWide\">\n<div class=\"et_pb_text_3 et_pb_text et_pb_bg_layout_light et_pb_module et_flex_module preset--module--divi-text--mjv0x3nj2u\"><div class=\"et_pb_text_inner\"><h3>Plus de 10 ans d\u2019expertise<\/h3>\n<p>Avec plus de 10 ans d\u2019exp\u00e9rience, nous avons perfectionn\u00e9 l\u2019art de la d\u00e9coration de mariage, donnant vie \u00e0 d\u2019innombrables histoires d\u2019amour avec \u00e9l\u00e9gance et raffinement.<\/p>\n<\/div>\n<div class=\"et_pb_text_4 et_pb_text et_pb_bg_layout_light et_pb_module et_flex_module\"><div class=\"et_pb_text_inner\"><p>1<\/p>\n<\/div><\/div>\n<\/div>\n\n<div class=\"et_pb_text_5 et_pb_text et_pb_bg_layout_light et_pb_module et_flex_module preset--module--divi-text--mjv0x3nj2u\"><div class=\"et_pb_text_inner\"><h3>Cr\u00e9ativit\u00e9 et vision<\/h3>\n<p>Nous transformons le mariage de vos r\u00eaves en r\u00e9alit\u00e9 gr\u00e2ce \u00e0 des cr\u00e9ations uniques, con\u00e7ues sur mesure pour raconter votre histoire d\u2019amour.<\/p>\n<\/div>\n<div class=\"et_pb_text_6 et_pb_text et_pb_bg_layout_light et_pb_module et_flex_module\"><div class=\"et_pb_text_inner\"><p>2<\/p>\n<\/div><\/div>\n<\/div>\n\n<div class=\"et_pb_text_7 et_pb_text et_pb_bg_layout_light et_pb_module et_flex_module preset--module--divi-text--mjv0x3nj2u\"><div class=\"et_pb_text_inner\"><h3>Compositions florales de haute qualit\u00e9<\/h3>\n<p>Nous s\u00e9lectionnons avec soin des fleurs fra\u00eeches de haute qualit\u00e9 afin de cr\u00e9er des compositions \u00e9l\u00e9gantes qui apportent une touche romantique \u00e0 votre journ\u00e9e sp\u00e9ciale.<\/p>\n<\/div>\n<div class=\"et_pb_text_8 et_pb_text et_pb_bg_layout_light et_pb_module et_flex_module\"><div class=\"et_pb_text_inner\"><p>3<\/p>\n<\/div><\/div>\n<\/div>\n\n<div class=\"et_pb_text_9 et_pb_text et_pb_bg_layout_light et_pb_module et_flex_module preset--module--divi-text--mjv0x3nj2u\"><div class=\"et_pb_text_inner\"><h3>Accompagnement personnalis\u00e9<\/h3>\n<p>Chaque mariage est unique. Nous prenons le temps d\u2019\u00e9couter vos envies pour que chaque d\u00e9tail\nvous ressemble et refl\u00e8te votre univers.<\/p>\n<\/div>\n<div class=\"et_pb_text_10 et_pb_text et_pb_bg_layout_light et_pb_module et_flex_module\"><div class=\"et_pb_text_inner\"><p>4<\/p>\n<\/div><\/div>\n<\/div>\n\n<div class=\"et_pb_text_11 et_pb_text et_pb_bg_layout_light et_pb_module et_flex_module preset--module--divi-text--mjv0x3nj2u\"><div class=\"et_pb_text_inner\"><h3>L'art du d\u00e9tail<\/h3>\n<p>Du bouquet de la mari\u00e9e aux installations florales grandioses, nous soignons chaque d\u00e9tail pour cr\u00e9er une atmosph\u00e8re harmonieuse et inoubliable.<\/p>\n<\/div>\n<div class=\"et_pb_text_12 et_pb_text et_pb_bg_layout_light et_pb_module et_flex_module\"><div class=\"et_pb_text_inner\"><p>5<\/p>\n<\/div><\/div>\n<\/div>\n\n<div class=\"et_pb_text_13 et_pb_text et_pb_bg_layout_light et_pb_module et_flex_module preset--module--divi-text--mjv0x3nj2u\"><div class=\"et_pb_text_inner\"><h3>Un mariage sans stress<\/h3>\n<p>Nous nous occupons de tout \u2014 de la conception \u00e0 l\u2019installation \u2014 afin que vous puissiez profiter pleinement de cette exp\u00e9rience sans vous soucier des d\u00e9tails.<\/p>\n<\/div>\n<div class=\"et_pb_text_14 et_pb_text et_pb_bg_layout_light et_pb_module et_flex_module\"><div class=\"et_pb_text_inner\"><p>6<\/p>\n<\/div><\/div>\n<\/div>\n\n<div class=\"et_pb_text_15 et_pb_text et_pb_bg_layout_light et_pb_module et_flex_module preset--module--divi-text--mjv0x3nj2u\"><div class=\"et_pb_text_inner\"><h3>Elegance et Qualit\u00e9<\/h3>\n<p>Nous mettons un point d\u2019honneur \u00e0 utiliser des mat\u00e9riaux et des fleurs haut de gamme pour que\nvotre mariage soit aussi beau que vous l\u2019imaginez.<\/p>\n<\/div>\n<div class=\"et_pb_text_16 et_pb_text et_pb_bg_layout_light et_pb_module et_flex_module\"><div class=\"et_pb_text_inner\"><p>7<\/p>\n<\/div><\/div>\n<\/div>\n\n<div class=\"et_pb_text_17 et_pb_text et_pb_bg_layout_light et_pb_module et_flex_module preset--module--divi-text--mjv0x3nj2u\"><div class=\"et_pb_text_inner\"><h3 class=\"p1\"><b>Une coordination fluide<\/b><\/h3>\n<p>Nous travaillons main dans la main avec votre wedding planner, votre lieu de r\u00e9ception et vos\nprestataires pour une mise en place impeccable.<\/p>\n<\/div>\n<div class=\"et_pb_text_18 et_pb_text et_pb_bg_layout_light et_pb_module et_flex_module\"><div class=\"et_pb_text_inner\"><p>8<\/p>\n<\/div><\/div>\n<\/div>\n\n<div class=\"et_pb_text_19 et_pb_text et_pb_bg_layout_light et_pb_module et_flex_module preset--module--divi-text--mjv0x3nj2u\"><div class=\"et_pb_text_inner\"><h3>Budget sur mesure<\/h3>\n<p>Qu\u2019il s\u2019agisse d\u2019une c\u00e9l\u00e9bration intime ou d\u2019un \u00e9v\u00e9nement grandiose, nous proposons des prestations flexibles, adapt\u00e9es \u00e0 votre vision et \u00e0 votre budget.<\/p>\n<\/div>\n<div class=\"et_pb_text_20 et_pb_text et_pb_bg_layout_light et_pb_module et_flex_module\"><div class=\"et_pb_text_inner\"><p>9<\/p>\n<\/div><\/div>\n<\/div>\n\n<div class=\"et_pb_text_21 et_pb_text et_pb_bg_layout_light et_pb_module et_flex_module preset--module--divi-text--mjv0x3nj2u\"><div class=\"et_pb_text_inner\"><h3>Une exp\u00e9rience magique<\/h3>\n<p>Notre mission ? Cr\u00e9er une atmosph\u00e8re unique et envo\u00fbtante qui laissera un souvenir imp\u00e9rissable de votre journ\u00e9e.<\/p>\n<\/div>\n<div class=\"et_pb_text_22 et_pb_text et_pb_bg_layout_light et_pb_module et_flex_module\"><div class=\"et_pb_text_inner\"><p>10<\/p>\n<\/div><\/div>\n<\/div>\n\n<div class=\"et_pb_module et_pb_button_module_wrapper et_pb_button_0_wrapper preset--module--divi-button--default_wrapper\"><a class=\"et_pb_button_0 et_pb_button et_pb_bg_layout_light et_pb_module et_flex_module preset--module--divi-button--default\" href=\"\/fr\/experience\/\">Experience<\/a><\/div>\n<\/div>\n<\/div>\n<\/div>","protected":false},"excerpt":{"rendered":"","protected":false},"author":1,"featured_media":0,"parent":0,"menu_order":0,"comment_status":"closed","ping_status":"closed","template":"","meta":{"_acf_changed":false,"footnotes":""},"class_list":["post-25","page","type-page","status-publish","hentry"],"acf":[],"_links":{"self":[{"href":"https:\/\/anyflowers.fr\/fr\/wp-json\/wp\/v2\/pages\/25","targetHints":{"allow":["GET"]}}],"collection":[{"href":"https:\/\/anyflowers.fr\/fr\/wp-json\/wp\/v2\/pages"}],"about":[{"href":"https:\/\/anyflowers.fr\/fr\/wp-json\/wp\/v2\/types\/page"}],"author":[{"embeddable":true,"href":"https:\/\/anyflowers.fr\/fr\/wp-json\/wp\/v2\/users\/1"}],"replies":[{"embeddable":true,"href":"https:\/\/anyflowers.fr\/fr\/wp-json\/wp\/v2\/comments?post=25"}],"version-history":[{"count":29,"href":"https:\/\/anyflowers.fr\/fr\/wp-json\/wp\/v2\/pages\/25\/revisions"}],"predecessor-version":[{"id":373057,"href":"https:\/\/anyflowers.fr\/fr\/wp-json\/wp\/v2\/pages\/25\/revisions\/373057"}],"wp:attachment":[{"href":"https:\/\/anyflowers.fr\/fr\/wp-json\/wp\/v2\/media?parent=25"}],"curies":[{"name":"wp","href":"https:\/\/api.w.org\/{rel}","templated":true}]}}